{"id":25,"date":"2026-02-27T15:22:15","date_gmt":"2026-02-27T15:22:15","guid":{"rendered":"https:\/\/issgifts-wy7g8ry3g7.live-website.com\/startpagina\/"},"modified":"2026-03-04T09:19:46","modified_gmt":"2026-03-04T08:19:46","slug":"startpagina","status":"publish","type":"page","link":"https:\/\/www.iss-gifts.be\/fr_be\/","title":{"rendered":"Startpagina"},"content":{"rendered":"<div class=\"wp-block-group alignfull is-style-ext-preset--group--natural-1--section has-background-background-color has-background has-global-padding is-layout-constrained wp-container-core-group-is-layout-3a3c7119 wp-block-group-is-layout-constrained\" style=\"margin-top:0;margin-bottom:0;padding-top:var(--wp--preset--spacing--50);padding-bottom:var(--wp--preset--spacing--70)\">\n<div class=\"wp-block-group alignwide ext-is-logical-start has-global-padding is-content-justification-left is-layout-constrained wp-container-core-group-is-layout-44b7bc52 wp-block-group-is-layout-constrained\">\n<h1 class=\"wp-block-heading ext-animate--on\">Connectez-vous et choisissez vous-m\u00eame votre cadeau<\/h1>\n<\/div>\n\n\n\n<div class=\"wp-block-columns alignwide are-vertically-aligned-center is-not-stacked-on-mobile is-layout-flex wp-container-core-columns-is-layout-87beb0d0 wp-block-columns-is-layout-flex\">\n<div class=\"wp-block-column is-vertically-aligned-center ext-animate--on is-layout-flow wp-block-column-is-layout-flow\">\n<figure class=\"wp-block-image is-style-ext-preset--image--natural-1--image-1--content-right is-style-ext-preset--image--natural-1--image-1--content-right--2\"><img loading=\"lazy\" decoding=\"async\" width=\"960\" height=\"1440\" src=\"https:\/\/issgifts-wy7g8ry3g7.live-website.com\/wp-content\/uploads\/2026\/02\/a95da5a5c779f5117885c4582291da2f076b039b.jpg\" alt=\"\" class=\"wp-image-90\" style=\"aspect-ratio:4\/3;object-fit:cover\"\/><\/figure>\n<\/div>\n\n\n\n<div class=\"wp-block-column is-vertically-aligned-center ext-animate--on is-layout-flow wp-block-column-is-layout-flow\">\n<figure class=\"wp-block-image is-style-ext-preset--image--natural-1--image-1--content-any is-style-ext-preset--image--natural-1--image-1--content-any--3\"><img loading=\"lazy\" decoding=\"async\" width=\"998\" height=\"1440\" src=\"https:\/\/issgifts-wy7g8ry3g7.live-website.com\/wp-content\/uploads\/2026\/02\/f567cd97a3d76ff570929c88c7dc73067ff1162b.jpg\" alt=\"\" class=\"wp-image-55\" style=\"aspect-ratio:4\/3;object-fit:cover\" srcset=\"https:\/\/www.iss-gifts.be\/wp-content\/uploads\/2026\/02\/f567cd97a3d76ff570929c88c7dc73067ff1162b.jpg 998w, https:\/\/www.iss-gifts.be\/wp-content\/uploads\/2026\/02\/f567cd97a3d76ff570929c88c7dc73067ff1162b-208x300.jpg 208w, https:\/\/www.iss-gifts.be\/wp-content\/uploads\/2026\/02\/f567cd97a3d76ff570929c88c7dc73067ff1162b-710x1024.jpg 710w, https:\/\/www.iss-gifts.be\/wp-content\/uploads\/2026\/02\/f567cd97a3d76ff570929c88c7dc73067ff1162b-768x1108.jpg 768w, https:\/\/www.iss-gifts.be\/wp-content\/uploads\/2026\/02\/f567cd97a3d76ff570929c88c7dc73067ff1162b-8x12.jpg 8w, https:\/\/www.iss-gifts.be\/wp-content\/uploads\/2026\/02\/f567cd97a3d76ff570929c88c7dc73067ff1162b-600x866.jpg 600w\" sizes=\"auto, (max-width: 998px) 100vw, 998px\" \/><\/figure>\n<\/div>\n\n\n\n<div class=\"wp-block-column is-vertically-aligned-center ext-animate--on is-layout-flow wp-block-column-is-layout-flow\">\n<figure class=\"wp-block-image is-style-ext-preset--image--natural-1--image-1--content-left is-style-ext-preset--image--natural-1--image-1--content-left--4\"><img loading=\"lazy\" decoding=\"async\" width=\"1440\" height=\"995\" src=\"https:\/\/issgifts-wy7g8ry3g7.live-website.com\/wp-content\/uploads\/2026\/02\/91c4e352db3e85b057136fb190349ec423b4558e.jpg\" alt=\"\" class=\"wp-image-96\" style=\"aspect-ratio:4\/3;object-fit:cover\" srcset=\"https:\/\/www.iss-gifts.be\/wp-content\/uploads\/2026\/02\/91c4e352db3e85b057136fb190349ec423b4558e.jpg 1440w, https:\/\/www.iss-gifts.be\/wp-content\/uploads\/2026\/02\/91c4e352db3e85b057136fb190349ec423b4558e-300x207.jpg 300w, https:\/\/www.iss-gifts.be\/wp-content\/uploads\/2026\/02\/91c4e352db3e85b057136fb190349ec423b4558e-1024x708.jpg 1024w, https:\/\/www.iss-gifts.be\/wp-content\/uploads\/2026\/02\/91c4e352db3e85b057136fb190349ec423b4558e-768x531.jpg 768w, https:\/\/www.iss-gifts.be\/wp-content\/uploads\/2026\/02\/91c4e352db3e85b057136fb190349ec423b4558e-18x12.jpg 18w, https:\/\/www.iss-gifts.be\/wp-content\/uploads\/2026\/02\/91c4e352db3e85b057136fb190349ec423b4558e-600x415.jpg 600w\" sizes=\"auto, (max-width: 1440px) 100vw, 1440px\" \/><\/figure>\n<\/div>\n<\/div>\n\n\n\n<div class=\"wp-block-group alignwide ext-animate--on has-global-padding is-content-justification-left is-layout-constrained wp-container-core-group-is-layout-44b7bc52 wp-block-group-is-layout-constrained\">\n<p class=\"ext-animate--on\"><strong>Bienvenue dans la boutique de cadeaux de l'ISS.<\/strong> Cette plateforme vous permet de choisir vous-m\u00eame votre cadeau personnel. Connectez-vous \u00e0 l'aide de votre code unique et d\u00e9couvrez les cadeaux qui vous sont propos\u00e9s. Votre choix sera trait\u00e9 de mani\u00e8re simple et s\u00e9curis\u00e9e.<\/p>\n\n\n\n<p class=\"ext-animate--on\"><\/p>\n<\/div>\n\n\n\n<div class=\"wp-block-buttons alignwide ext-animate--on is-layout-flex wp-block-buttons-is-layout-flex\" style=\"margin-top:var(--wp--preset--spacing--30)\">\n<div class=\"wp-block-button is-style-ext-preset--button--natural-1--button-1 is-style-ext-preset--button--natural-1--button-1--5\"><a class=\"wp-block-button__link wp-element-button\" href=\"\/fr_be\/shop\/\">D\u00e9couvrez votre cadeau<\/a><\/div>\n<\/div>\n<\/div>\n\n\n\n<div class=\"wp-block-group alignfull is-style-ext-preset--group--natural-1--section has-tertiary-background-color has-background has-global-padding is-layout-constrained wp-container-core-group-is-layout-e955bbaf wp-block-group-is-layout-constrained\" style=\"margin-top:0;margin-bottom:0;padding-top:var(--wp--preset--spacing--70);padding-bottom:var(--wp--preset--spacing--70)\">\n<h2 class=\"wp-block-heading has-text-align-center ext-animate--on\">Votre cadeau, votre choix<\/h2>\n\n\n\n<p class=\"has-text-align-center ext-animate--on\" style=\"margin-top:1.5rem\">Chez ISS, nous pensons qu'un cadeau doit \u00eatre personnel. C'est pourquoi vous choisissez vous-m\u00eame le cadeau qui vous convient le mieux. Simple, clair et sans \u00e9tapes suppl\u00e9mentaires.<\/p>\n\n\n\n<div class=\"wp-block-columns alignwide is-layout-flex wp-container-core-columns-is-layout-08c01c1c wp-block-columns-is-layout-flex\">\n<div class=\"wp-block-column is-vertically-aligned-stretch ext-animate--on is-layout-flow wp-container-core-column-is-layout-f5bb311e wp-block-column-is-layout-flow\">\n<div class=\"wp-block-group is-style-ext-preset--group--natural-1--item-card-1--align-center has-global-padding is-layout-constrained wp-block-group-is-layout-constrained is-style-ext-preset--group--natural-1--item-card-1--align-center--7\">\n<figure class=\"wp-block-image aligncenter size-large ext-aspect-landscape\"><img loading=\"lazy\" decoding=\"async\" width=\"1440\" height=\"960\" src=\"https:\/\/issgifts-wy7g8ry3g7.live-website.com\/wp-content\/uploads\/2026\/02\/f65e92d07bdfd7d8fe0a19b6e1b44755b07bc246.jpg\" alt=\"\" class=\"wp-image-62\" style=\"aspect-ratio:4\/3;object-fit:cover\" srcset=\"https:\/\/www.iss-gifts.be\/wp-content\/uploads\/2026\/02\/f65e92d07bdfd7d8fe0a19b6e1b44755b07bc246.jpg 1440w, https:\/\/www.iss-gifts.be\/wp-content\/uploads\/2026\/02\/f65e92d07bdfd7d8fe0a19b6e1b44755b07bc246-300x200.jpg 300w, https:\/\/www.iss-gifts.be\/wp-content\/uploads\/2026\/02\/f65e92d07bdfd7d8fe0a19b6e1b44755b07bc246-1024x683.jpg 1024w, https:\/\/www.iss-gifts.be\/wp-content\/uploads\/2026\/02\/f65e92d07bdfd7d8fe0a19b6e1b44755b07bc246-768x512.jpg 768w, https:\/\/www.iss-gifts.be\/wp-content\/uploads\/2026\/02\/f65e92d07bdfd7d8fe0a19b6e1b44755b07bc246-18x12.jpg 18w, https:\/\/www.iss-gifts.be\/wp-content\/uploads\/2026\/02\/f65e92d07bdfd7d8fe0a19b6e1b44755b07bc246-600x400.jpg 600w\" sizes=\"auto, (max-width: 1440px) 100vw, 1440px\" \/><\/figure>\n\n\n\n<div class=\"wp-block-group is-style-default has-global-padding is-layout-constrained wp-block-group-is-layout-constrained\">\n<h3 class=\"wp-block-heading has-text-align-center\">Vous choisissez ce qui vous convient<\/h3>\n\n\n\n<p class=\"has-text-align-center\">Chaque collaborateur est diff\u00e9rent. Gr\u00e2ce \u00e0 la boutique ISS Gifts Store, vous pouvez choisir un cadeau qui correspond \u00e0 vos pr\u00e9f\u00e9rences.<\/p>\n<\/div>\n<\/div>\n<\/div>\n\n\n\n<div class=\"wp-block-column is-vertically-aligned-stretch ext-animate--on is-layout-flow wp-container-core-column-is-layout-f5bb311e wp-block-column-is-layout-flow\">\n<div class=\"wp-block-group is-style-ext-preset--group--natural-1--item-card-1--align-center has-global-padding is-layout-constrained wp-block-group-is-layout-constrained is-style-ext-preset--group--natural-1--item-card-1--align-center--8\">\n<figure class=\"wp-block-image aligncenter size-large ext-aspect-landscape\"><img loading=\"lazy\" decoding=\"async\" width=\"1440\" height=\"960\" src=\"https:\/\/issgifts-wy7g8ry3g7.live-website.com\/wp-content\/uploads\/2026\/02\/020444fd3565473ca2f2c8085ed944f9fde5359d.jpg\" alt=\"\" class=\"wp-image-97\" style=\"aspect-ratio:4\/3;object-fit:cover\" srcset=\"https:\/\/www.iss-gifts.be\/wp-content\/uploads\/2026\/02\/020444fd3565473ca2f2c8085ed944f9fde5359d.jpg 1440w, https:\/\/www.iss-gifts.be\/wp-content\/uploads\/2026\/02\/020444fd3565473ca2f2c8085ed944f9fde5359d-300x200.jpg 300w, https:\/\/www.iss-gifts.be\/wp-content\/uploads\/2026\/02\/020444fd3565473ca2f2c8085ed944f9fde5359d-1024x683.jpg 1024w, https:\/\/www.iss-gifts.be\/wp-content\/uploads\/2026\/02\/020444fd3565473ca2f2c8085ed944f9fde5359d-768x512.jpg 768w, https:\/\/www.iss-gifts.be\/wp-content\/uploads\/2026\/02\/020444fd3565473ca2f2c8085ed944f9fde5359d-18x12.jpg 18w, https:\/\/www.iss-gifts.be\/wp-content\/uploads\/2026\/02\/020444fd3565473ca2f2c8085ed944f9fde5359d-600x400.jpg 600w\" sizes=\"auto, (max-width: 1440px) 100vw, 1440px\" \/><\/figure>\n\n\n\n<div class=\"wp-block-group is-style-default has-global-padding is-layout-constrained wp-block-group-is-layout-constrained\">\n<h3 class=\"wp-block-heading has-text-align-center\">S\u00fbr et personnalis\u00e9<\/h3>\n\n\n\n<p class=\"has-text-align-center\">Vous vous connectez \u00e0 l'aide d'un code unique qui ne peut \u00eatre utilis\u00e9 qu'une seule fois. Cela permet de garantir l'\u00e9quit\u00e9 et la transparence du syst\u00e8me.<\/p>\n<\/div>\n<\/div>\n<\/div>\n\n\n\n<div class=\"wp-block-column is-vertically-aligned-stretch ext-animate--on is-layout-flow wp-container-core-column-is-layout-f5bb311e wp-block-column-is-layout-flow\">\n<div class=\"wp-block-group is-style-ext-preset--group--natural-1--item-card-1--align-center has-global-padding is-layout-constrained wp-block-group-is-layout-constrained is-style-ext-preset--group--natural-1--item-card-1--align-center--9\">\n<figure class=\"wp-block-image aligncenter size-large ext-aspect-landscape\"><img loading=\"lazy\" decoding=\"async\" width=\"998\" height=\"1440\" src=\"https:\/\/issgifts-wy7g8ry3g7.live-website.com\/wp-content\/uploads\/2026\/02\/f567cd97a3d76ff570929c88c7dc73067ff1162b.jpg\" alt=\"\" class=\"wp-image-55\" style=\"aspect-ratio:4\/3;object-fit:cover\" srcset=\"https:\/\/www.iss-gifts.be\/wp-content\/uploads\/2026\/02\/f567cd97a3d76ff570929c88c7dc73067ff1162b.jpg 998w, https:\/\/www.iss-gifts.be\/wp-content\/uploads\/2026\/02\/f567cd97a3d76ff570929c88c7dc73067ff1162b-208x300.jpg 208w, https:\/\/www.iss-gifts.be\/wp-content\/uploads\/2026\/02\/f567cd97a3d76ff570929c88c7dc73067ff1162b-710x1024.jpg 710w, https:\/\/www.iss-gifts.be\/wp-content\/uploads\/2026\/02\/f567cd97a3d76ff570929c88c7dc73067ff1162b-768x1108.jpg 768w, https:\/\/www.iss-gifts.be\/wp-content\/uploads\/2026\/02\/f567cd97a3d76ff570929c88c7dc73067ff1162b-8x12.jpg 8w, https:\/\/www.iss-gifts.be\/wp-content\/uploads\/2026\/02\/f567cd97a3d76ff570929c88c7dc73067ff1162b-600x866.jpg 600w\" sizes=\"auto, (max-width: 998px) 100vw, 998px\" \/><\/figure>\n\n\n\n<div class=\"wp-block-group is-style-default has-global-padding is-layout-constrained wp-block-group-is-layout-constrained\">\n<h3 class=\"wp-block-heading\">Traitement rapide et correct<\/h3>\n\n\n\n<p class=\"has-text-align-center\">Apr\u00e8s votre confirmation, votre choix sera automatiquement enregistr\u00e9 et trait\u00e9. Vous n'avez rien d'autre \u00e0 faire.<\/p>\n<\/div>\n<\/div>\n<\/div>\n<\/div>\n\n\n\n<div class=\"wp-block-buttons ext-animate--on is-content-justification-center is-layout-flex wp-container-core-buttons-is-layout-a89b3969 wp-block-buttons-is-layout-flex\">\n<div class=\"wp-block-button is-style-ext-preset--button--natural-1--button-1 is-style-ext-preset--button--natural-1--button-1--10\"><a class=\"wp-block-button__link wp-element-button\" href=\"\/fr_be\/shop\/\">Voir les cadeaux<\/a><\/div>\n<\/div>\n<\/div>\n\n\n\n<div class=\"wp-block-group alignfull is-style-ext-preset--group--natural-1--section has-background-background-color has-background has-global-padding is-layout-constrained wp-container-core-group-is-layout-e955bbaf wp-block-group-is-layout-constrained\" id=\"functies\" style=\"margin-top:0;margin-bottom:0;padding-top:var(--wp--preset--spacing--70);padding-bottom:var(--wp--preset--spacing--70)\">\n<h2 class=\"wp-block-heading has-text-align-center\">Comment \u00e7a marche ?<\/h2>\n\n\n\n<p class=\"has-text-align-center ext-animate--on\" style=\"margin-top:1.5rem\">Suivez ce plan par \u00e9tapes pour s\u00e9lectionner votre cadeau<\/p>\n\n\n\n<div class=\"wp-block-columns alignwide is-layout-flex wp-container-core-columns-is-layout-08c01c1c wp-block-columns-is-layout-flex\">\n<div class=\"wp-block-column is-vertically-aligned-stretch ext-animate--on is-layout-flow wp-container-core-column-is-layout-f5bb311e wp-block-column-is-layout-flow\">\n<div class=\"wp-block-group is-style-ext-preset--group--natural-1--item-card-1--align-center has-global-padding is-layout-constrained wp-block-group-is-layout-constrained is-style-ext-preset--group--natural-1--item-card-1--align-center--12\">\n<div class=\"wp-block-group is-style-default has-global-padding is-layout-constrained wp-block-group-is-layout-constrained\">\n<figure class=\"wp-block-image aligncenter size-large ext-aspect-landscape wp-duotone-primary-foreground\"><img decoding=\"async\" src=\"data:image\/svg+xml;base64,PHN2ZyB4bWxucz0iaHR0cDovL3d3dy53My5vcmcvMjAwMC9zdmciIHdpZHRoPSI0OCIgaGVpZ2h0PSI0OCIgZmlsbD0iIzAwMDAwMCIgdmlld0JveD0iMCAwIDI1NiAyNTYiPjxwYXRoIGQ9Ik0xNzIsNzZhNDQsNDQsMCwxLDAtNDQsNDRBNDQuMDUsNDQuMDUsMCwwLDAsMTcyLDc2Wm0tNDQsMjhhMjgsMjgsMCwxLDEsMjgtMjhBMjgsMjgsMCwwLDEsMTI4LDEwNFptNjAsMjRhNDQsNDQsMCwxLDAsNDQsNDRBNDQuMDUsNDQuMDUsMCwwLDAsMTg4LDEyOFptMCw3MmEyOCwyOCwwLDEsMSwyOC0yOEEyOCwyOCwwLDAsMSwxODgsMjAwWk02OCwxMjhhNDQsNDQsMCwxLDAsNDQsNDRBNDQuMDUsNDQuMDUsMCwwLDAsNjgsMTI4Wm0wLDcyYTI4LDI4LDAsMSwxLDI4LTI4QTI4LDI4LDAsMCwxLDY4LDIwMFoiPjwvcGF0aD48L3N2Zz4=\" alt=\"\" style=\"object-fit:cover\"\/><\/figure>\n\n\n\n<h3 class=\"wp-block-heading has-text-align-center\">Connectez-vous avec votre code unique<\/h3>\n\n\n\n<p class=\"has-text-align-center\">Utilisez le code que vous avez re\u00e7u pour acc\u00e9der \u00e0 votre s\u00e9lection de cadeaux.<\/p>\n<\/div>\n<\/div>\n<\/div>\n\n\n\n<div class=\"wp-block-column is-vertically-aligned-stretch ext-animate--on is-layout-flow wp-container-core-column-is-layout-f5bb311e wp-block-column-is-layout-flow\">\n<div class=\"wp-block-group is-style-ext-preset--group--natural-1--item-card-1--align-center has-global-padding is-layout-constrained wp-block-group-is-layout-constrained is-style-ext-preset--group--natural-1--item-card-1--align-center--13\">\n<div class=\"wp-block-group is-style-default has-global-padding is-layout-constrained wp-block-group-is-layout-constrained\">\n<figure class=\"wp-block-image aligncenter size-large ext-aspect-landscape wp-duotone-primary-foreground\"><img decoding=\"async\" src=\"data:image\/svg+xml;base64,PHN2ZyB4bWxucz0iaHR0cDovL3d3dy53My5vcmcvMjAwMC9zdmciIHdpZHRoPSI0OCIgaGVpZ2h0PSI0OCIgZmlsbD0iIzAwMDAwMCIgdmlld0JveD0iMCAwIDI1NiAyNTYiPjxwYXRoIGQ9Ik04MCw0MGE0MCw0MCwwLDEsMCw0MCw0MEE0MCw0MCwwLDAsMCw4MCw0MFptMCw2NGEyNCwyNCwwLDEsMSwyNC0yNEEyNCwyNCwwLDAsMSw4MCwxMDRabTk2LDE2YTQwLDQwLDAsMSwwLTQwLTQwQTQwLDQwLDAsMCwwLDE3NiwxMjBabTAtNjRhMjQsMjQsMCwxLDEtMjQsMjRBMjQsMjQsMCwwLDEsMTc2LDU2Wk04MCwxMzZhNDAsNDAsMCwxLDAsNDAsNDBBNDAsNDAsMCwwLDAsODAsMTM2Wm0wLDY0YTI0LDI0LDAsMSwxLDI0LTI0QTI0LDI0LDAsMCwxLDgwLDIwMFptOTYtNjRhNDAsNDAsMCwxLDAsNDAsNDBBNDAsNDAsMCwwLDAsMTc2LDEzNlptMCw2NGEyNCwyNCwwLDEsMSwyNC0yNEEyNCwyNCwwLDAsMSwxNzYsMjAwWiI+PC9wYXRoPjwvc3ZnPg==\" alt=\"\" style=\"object-fit:cover\"\/><\/figure>\n\n\n\n<h3 class=\"wp-block-heading has-text-align-center\">Faites votre choix en ligne<\/h3>\n\n\n\n<p class=\"has-text-align-center\">Consultez les cadeaux disponibles et s\u00e9lectionnez celui qui vous pla\u00eet le plus.<\/p>\n<\/div>\n<\/div>\n<\/div>\n\n\n\n<div class=\"wp-block-column is-vertically-aligned-stretch ext-animate--on is-layout-flow wp-container-core-column-is-layout-f5bb311e wp-block-column-is-layout-flow\">\n<div class=\"wp-block-group is-style-ext-preset--group--natural-1--item-card-1--align-center has-global-padding is-layout-constrained wp-block-group-is-layout-constrained is-style-ext-preset--group--natural-1--item-card-1--align-center--14\">\n<div class=\"wp-block-group is-style-default has-global-padding is-layout-constrained wp-block-group-is-layout-constrained\">\n<figure class=\"wp-block-image aligncenter size-large ext-aspect-landscape wp-duotone-primary-foreground\"><img decoding=\"async\" src=\"data:image\/svg+xml;base64,PHN2ZyB4bWxucz0iaHR0cDovL3d3dy53My5vcmcvMjAwMC9zdmciIHdpZHRoPSI0OCIgaGVpZ2h0PSI0OCIgZmlsbD0iIzAwMDAwMCIgdmlld0JveD0iMCAwIDI1NiAyNTYiPjxwYXRoIGQ9Ik04MCw0MGE0MCw0MCwwLDEsMCw0MCw0MEE0MCw0MCwwLDAsMCw4MCw0MFptMCw2NGEyNCwyNCwwLDEsMSwyNC0yNEEyNCwyNCwwLDAsMSw4MCwxMDRabTk2LDE2YTQwLDQwLDAsMSwwLTQwLTQwQTQwLDQwLDAsMCwwLDE3NiwxMjBabTAtNjRhMjQsMjQsMCwxLDEtMjQsMjRBMjQsMjQsMCwwLDEsMTc2LDU2Wk04MCwxMzZhNDAsNDAsMCwxLDAsNDAsNDBBNDAsNDAsMCwwLDAsODAsMTM2Wm0wLDY0YTI0LDI0LDAsMSwxLDI0LTI0QTI0LDI0LDAsMCwxLDgwLDIwMFptMTM2LTI0YTgsOCwwLDAsMS04LDhIMTg0djI0YTgsOCwwLDAsMS0xNiwwVjE4NEgxNDRhOCw4LDAsMCwxLDAtMTZoMjRWMTQ0YTgsOCwwLDAsMSwxNiwwdjI0aDI0QTgsOCwwLDAsMSwyMTYsMTc2WiI+PC9wYXRoPjwvc3ZnPg==\" alt=\"\" style=\"object-fit:cover\"\/><\/figure>\n\n\n\n<h3 class=\"wp-block-heading has-text-align-center\">Confirmez votre s\u00e9lection<\/h3>\n\n\n\n<p class=\"has-text-align-center\">Apr\u00e8s confirmation, vous recevrez votre cadeau via le mode de livraison pr\u00e9vu.<\/p>\n<\/div>\n<\/div>\n<\/div>\n<\/div>\n<\/div>\n\n\n\n<div class=\"wp-block-group alignfull is-style-ext-preset--group--natural-1--section ext-animate--off has-tertiary-background-color has-background has-global-padding is-layout-constrained wp-block-group-is-layout-constrained\" id=\"contact\" style=\"margin-top:0;margin-bottom:0;padding-top:var(--wp--preset--spacing--70);padding-bottom:var(--wp--preset--spacing--70)\">\n<div class=\"wp-block-media-text alignwide has-media-on-the-right is-stacked-on-mobile is-image-fill-element is-style-ext-preset--media-text--natural-1--card-1 ext-animate--on has-background-background-color has-background is-style-ext-preset--media-text--natural-1--card-1--16\" style=\"grid-template-columns:auto 48%\"><div class=\"wp-block-media-text__content\">\n<div class=\"wp-block-group alignwide ext-animate--off has-global-padding is-layout-constrained wp-container-core-group-is-layout-48493932 wp-block-group-is-layout-constrained\" style=\"padding-top:var(--wp--preset--spacing--55);padding-right:var(--wp--preset--spacing--55);padding-bottom:var(--wp--preset--spacing--55);padding-left:var(--wp--preset--spacing--55)\">\n<div class=\"wp-block-contact-form-7-contact-form-selector\">\n<div class=\"wpcf7 no-js\" id=\"wpcf7-f18-o1\" lang=\"nl-NL\" dir=\"ltr\" data-wpcf7-id=\"18\">\n<div class=\"screen-reader-response\"><p role=\"status\" aria-live=\"polite\" aria-atomic=\"true\"><\/p> <ul><\/ul><\/div>\n<form action=\"\/fr_be\/wp-json\/wp\/v2\/pages\/25#wpcf7-f18-o1\" method=\"post\" class=\"wpcf7-form init\" aria-label=\"Contactformulier\" novalidate=\"novalidate\" data-status=\"init\" data-trp-original-action=\"\/fr_be\/wp-json\/wp\/v2\/pages\/25#wpcf7-f18-o1\">\n<fieldset class=\"hidden-fields-container\"><input type=\"hidden\" name=\"_wpcf7\" value=\"18\" \/><input type=\"hidden\" name=\"_wpcf7_version\" value=\"6.1.5\" \/><input type=\"hidden\" name=\"_wpcf7_locale\" value=\"nl_NL\" \/><input type=\"hidden\" name=\"_wpcf7_unit_tag\" value=\"wpcf7-f18-o1\" \/><input type=\"hidden\" name=\"_wpcf7_container_post\" value=\"0\" \/><input type=\"hidden\" name=\"_wpcf7_posted_data_hash\" value=\"\" \/>\n<\/fieldset>\n<p>Votre num\u00e9ro d'appel ne fonctionne pas ? Veuillez nous contacter.\n<\/p>\n<p><label> Votre nom<br \/>\n<span class=\"wpcf7-form-control-wrap\" data-name=\"your-name\"><input size=\"40\" maxlength=\"400\" class=\"wpcf7-form-control wpcf7-text wpcf7-validates-as-required\" autocomplete=\"name\" aria-required=\"true\" aria-invalid=\"false\" value=\"\" type=\"text\" name=\"your-name\" \/><\/span> <\/label>\n<\/p>\n<p><label> Votre adresse e-mail<br \/>\n<span class=\"wpcf7-form-control-wrap\" data-name=\"your-email\"><input size=\"40\" maxlength=\"400\" class=\"wpcf7-form-control wpcf7-email wpcf7-validates-as-required wpcf7-text wpcf7-validates-as-email\" autocomplete=\"email\" aria-required=\"true\" aria-invalid=\"false\" value=\"\" type=\"email\" name=\"your-email\" \/><\/span> <\/label>\n<\/p>\n<p><label> Sujet<br \/>\n<span class=\"wpcf7-form-control-wrap\" data-name=\"your-subject\"><input size=\"40\" maxlength=\"400\" class=\"wpcf7-form-control wpcf7-text wpcf7-validates-as-required\" aria-required=\"true\" aria-invalid=\"false\" value=\"\" type=\"text\" name=\"your-subject\" \/><\/span> <\/label>\n<\/p>\n<p><input class=\"wpcf7-form-control wpcf7-submit has-spinner\" type=\"submit\" value=\"Envoyer un message\" \/>\n<\/p><div class=\"wpcf7-response-output\" aria-hidden=\"true\"><\/div>\n<input type=\"hidden\" name=\"trp-form-language\" value=\"fr_be\"\/><\/form>\n<\/div>\n<\/div>\n<\/div>\n<\/div><figure class=\"wp-block-media-text__media\"><img loading=\"lazy\" decoding=\"async\" width=\"1440\" height=\"960\" src=\"https:\/\/issgifts-wy7g8ry3g7.live-website.com\/wp-content\/uploads\/2026\/02\/f65e92d07bdfd7d8fe0a19b6e1b44755b07bc246.jpg\" alt=\"\" class=\"wp-image-62 size-full\" style=\"object-position:50% 50%\" srcset=\"https:\/\/www.iss-gifts.be\/wp-content\/uploads\/2026\/02\/f65e92d07bdfd7d8fe0a19b6e1b44755b07bc246.jpg 1440w, https:\/\/www.iss-gifts.be\/wp-content\/uploads\/2026\/02\/f65e92d07bdfd7d8fe0a19b6e1b44755b07bc246-300x200.jpg 300w, https:\/\/www.iss-gifts.be\/wp-content\/uploads\/2026\/02\/f65e92d07bdfd7d8fe0a19b6e1b44755b07bc246-1024x683.jpg 1024w, https:\/\/www.iss-gifts.be\/wp-content\/uploads\/2026\/02\/f65e92d07bdfd7d8fe0a19b6e1b44755b07bc246-768x512.jpg 768w, https:\/\/www.iss-gifts.be\/wp-content\/uploads\/2026\/02\/f65e92d07bdfd7d8fe0a19b6e1b44755b07bc246-18x12.jpg 18w, https:\/\/www.iss-gifts.be\/wp-content\/uploads\/2026\/02\/f65e92d07bdfd7d8fe0a19b6e1b44755b07bc246-600x400.jpg 600w\" sizes=\"auto, (max-width: 1440px) 100vw, 1440px\" \/><\/figure><\/div>\n<\/div>","protected":false},"excerpt":{"rendered":"<p>Log in en kies uw cadeau zelf Welkom in de ISS Gifts Store. Via dit platform kiest u zelf uw persoonlijk geschenk. Log in met uw unieke code en ontdek welke cadeaus voor u beschikbaar zijn. Uw keuze wordt eenvoudig en veilig verwerkt. Uw geschenk, uw keuze Bij ISS geloven we dat een geschenk persoonlijk [&hellip;]<\/p>\n","protected":false},"author":1,"featured_media":0,"parent":0,"menu_order":0,"comment_status":"closed","ping_status":"closed","template":"no-title","meta":{"footnotes":""},"class_list":["post-25","page","type-page","status-publish","hentry"],"_links":{"self":[{"href":"https:\/\/www.iss-gifts.be\/fr_be\/wp-json\/wp\/v2\/pages\/25","targetHints":{"allow":["GET"]}}],"collection":[{"href":"https:\/\/www.iss-gifts.be\/fr_be\/wp-json\/wp\/v2\/pages"}],"about":[{"href":"https:\/\/www.iss-gifts.be\/fr_be\/wp-json\/wp\/v2\/types\/page"}],"author":[{"embeddable":true,"href":"https:\/\/www.iss-gifts.be\/fr_be\/wp-json\/wp\/v2\/users\/1"}],"replies":[{"embeddable":true,"href":"https:\/\/www.iss-gifts.be\/fr_be\/wp-json\/wp\/v2\/comments?post=25"}],"version-history":[{"count":10,"href":"https:\/\/www.iss-gifts.be\/fr_be\/wp-json\/wp\/v2\/pages\/25\/revisions"}],"predecessor-version":[{"id":208,"href":"https:\/\/www.iss-gifts.be\/fr_be\/wp-json\/wp\/v2\/pages\/25\/revisions\/208"}],"wp:attachment":[{"href":"https:\/\/www.iss-gifts.be\/fr_be\/wp-json\/wp\/v2\/media?parent=25"}],"curies":[{"name":"wp","href":"https:\/\/api.w.org\/{rel}","templated":true}]}}